{"id":7268,"date":"2022-08-29T12:57:42","date_gmt":"2022-08-29T10:57:42","guid":{"rendered":"https:\/\/jcarrero.com\/biography\/"},"modified":"2025-12-11T12:02:17","modified_gmt":"2025-12-11T11:02:17","slug":"biography","status":"publish","type":"page","link":"https:\/\/jcarrero.com\/en\/biography\/","title":{"rendered":"Biography"},"content":{"rendered":"<div class=\"wpb-content-wrapper\"><p>[vc_row row_content_width=&#8221;grid&#8221; css=&#8221;.vc_custom_1559812573114{padding-top: 10% !important;padding-bottom: 6% !important;}&#8221;][vc_column]<div class=\"edgtf-elements-holder   edgtf-one-column  edgtf-responsive-mode-768 \" ><div class=\"edgtf-eh-item    \"  data-item-class=\"edgtf-eh-custom-4579\" data-1367-1600=\"0px 41% 0px 0px\" data-1025-1366=\"0px 32% 0px 0px\" data-769-1024=\"0px 25% 0px 0px\" data-681-768=\"0px 0 0px 0px\" data-680=\"0px 0px 0px 0px\">\n    <div class=\"edgtf-eh-item-inner\">\n        <div class=\"edgtf-eh-item-content edgtf-eh-custom-4579\" style=\"padding: 0px 42% 0px 0px\">\n            [vc_column_text el_class=&#8221;h4responsive&#8221;]<\/p>\n<h4>ENRIQUE JIM\u00c9NEZ CARRERO<\/h4>\n<p>[\/vc_column_text][vc_empty_space][vc_column_text]<\/p>\n<h1>Biography, awards and collections<\/h1>\n<p>[\/vc_column_text]        <\/div>\n    <\/div>\n<\/div><\/div>[\/vc_column][\/vc_row][vc_row row_content_width=&#8221;grid&#8221;][vc_column]<div class=\"edgtf-single-image-holder   \">\n    <div class=\"edgtf-si-inner\" >\n                                            <img loading=\"lazy\" decoding=\"async\" width=\"2560\" height=\"1430\" src=\"https:\/\/jcarrero.com\/wp-content\/uploads\/2019\/04\/biografia-jcarrero-blanco-negro-retrato-2.jpg\" class=\"attachment-full size-full\" alt=\"\" srcset=\"https:\/\/jcarrero.com\/wp-content\/uploads\/2019\/04\/biografia-jcarrero-blanco-negro-retrato-2.jpg 2560w, https:\/\/jcarrero.com\/wp-content\/uploads\/2019\/04\/biografia-jcarrero-blanco-negro-retrato-2-600x335.jpg 600w, https:\/\/jcarrero.com\/wp-content\/uploads\/2019\/04\/biografia-jcarrero-blanco-negro-retrato-2-300x168.jpg 300w, https:\/\/jcarrero.com\/wp-content\/uploads\/2019\/04\/biografia-jcarrero-blanco-negro-retrato-2-768x429.jpg 768w, https:\/\/jcarrero.com\/wp-content\/uploads\/2019\/04\/biografia-jcarrero-blanco-negro-retrato-2-1024x572.jpg 1024w\" sizes=\"auto, (max-width: 2560px) 100vw, 2560px\" \/>                                    <\/div>\n<\/div>[\/vc_column][\/vc_row][vc_row row_content_width=&#8221;grid&#8221; css=&#8221;.vc_custom_1555488564472{padding-top: 59px !important;padding-bottom: 60px !important;}&#8221;][vc_column]<div class=\"edgtf-elements-holder   edgtf-one-column  edgtf-responsive-mode-768 \" ><div class=\"edgtf-eh-item    \"  data-item-class=\"edgtf-eh-custom-1659\" data-1367-1600=\"0px 16px 0px 0px\" data-1025-1366=\"0 0\" data-769-1024=\"0px 0px 0px 0px\" data-681-768=\"0px 0px 0px 0px\" data-680=\"0px 0px 0px 0px\">\n    <div class=\"edgtf-eh-item-inner\">\n        <div class=\"edgtf-eh-item-content edgtf-eh-custom-1659\" style=\"padding: 0px 16px 0px 0px\">\n            [vc_column_text el_class=&#8221;h4responsive&#8221; css=&#8221;.vc_custom_1559809698723{padding-bottom: 5% !important;}&#8221;]<\/p>\n<h4 style=\"text-align: left;\">BIOGRAPHY<\/h4>\n<p>[\/vc_column_text][vc_column_text]He is from Extremadura, a native of Granadilla (C\u00e1ceres), where he was born on March 18, 1953.<\/p>\n<p>He received his artistic training at the Escuela de Bellas Artes de Santa Cruz de Tenerife and the Escuela Superior de Bellas Artes de San Fernando, Madrid, where he resides and pursues his professional career since 1979, but without losing the close bond that unites him to his homeland.<\/p>\n<p>As a theatrical set designer, the following works stand out: sets for the plays &#8220;Las hijas de B\u00fafalo Bill&#8221; (1974), &#8220;Ruina de sociedad&#8221; (1975) and &#8220;Canto del Fantoche Lusitano&#8221; (1978). As an illustrator, in 1985 he illustrated the book &#8220;G\u00e9nesis del recuerdo&#8221;, by the Berciano poet Gonz\u00e1lez-Guerrero, and in 2013 he illustrated the cover of the book &#8220;Cuadernos de verano&#8221; by F\u00e9lix Pinero. As a designer, apart from other works, he has made stamps for the Spanish Postal Service and joint issues with other countries.<\/p>\n<p>Since 1974 his work has been exhibited in more than 70 solo exhibitions in museums, galleries and other cultural spaces. In 2005 he returned to his homeland with &#8220;cuando Granadilla&#8221; (when Granadilla), the first exhibition held in Granadilla, a forcibly abandoned village now declared a Historic-Artistic Site, which registered more than 37,000 visitors. In 2007 he was the first Spanish artist to exhibit his works in Doha, the capital of Qatar, one of the emirates of the Arabian Peninsula. In 2009, more than 40,000 people visited Enrique Jim\u00e9nez Carrero&#8217;s last solo exhibition in Salamanca in little more than a month, breaking all attendance records for a solo exhibition in Salamanca. During 2010 his work was part of the prestigious group exhibition &#8220;Naturalezas Muertas&#8221; organized by the Museo de Bellas Artes de Badajoz. That same year, an exhibition was held for the first time in the Cathedral of Plasencia with a selection of ten works by Jim\u00e9nez Carrero.<\/p>\n<p>In 2005 he was named Adopted Son of Plasencia, tourist ambassador of the city and town crier of its Fair and Festivities of June in 2007; he is also awarded the prize for the dissemination of the Commonwealth of Municipalities of Trasierra-Tierras de Granadilla in 2009 for his exhibition &#8220;When Granadilla&#8221;; in 2010 he was named Favorite Son of the town of Alag\u00f3n del R\u00edo, a town founded by the ancient inhabitants of Granadilla.<\/p>\n<p>Among the prizes and awards won by Jim\u00e9nez Carrero in his early years are the following: Bronze medal in sculpture at the II National Art Exhibition in Madrid, second prize in painting at the exhibition of the City Council of Mostoles, first prize in painting &#8220;Martes Tur\u00edstico&#8221; of Plasencia, first prize in the V Painting Contest of the City Council of Leganes, second prize at the Sal\u00f3n de Oto\u00f1o de Pintura de la Caja de Ahorros de Plasencia, first prize at the VI Sal\u00f3n de Primavera de C\u00e1ceres, first prize and gold medal at the XXII Sal\u00f3n de Arte de Puertollano (Ciudad Real), first prize for fair posters at the Town hall of Plasencia.<\/p>\n<p>Jim\u00e9nez Carrero is also the author of the covers for the following books by F\u00e9lix Pinero: \u2018Punto final\u2019 (Diputaci\u00f3n de Badajoz, 2013), \u2018Cuaderno de verano\u2019 (C\u00edrculo Rojo, Almer\u00eda, 2013), \u2018Una ma\u00f1ana sin luz en Extremadura\u2019 (C\u00edrculo Rojo, 2014), \u2018Retratos de personajes extreme\u00f1os\u2019 (C\u00edrculo Rojo, 2014), \u2018Miradas desde una grada extreme\u00f1a\u2019 (C\u00edrculo Rojo, 2019) and \u2018Arcoiris de las personas con discapacidad\u2019 (TAU Editores, C\u00e1ceres, 2025).<\/p>\n<p>Today part of his work remains in art galleries such as the Fujit Museum in Tokyo, Fine Arts Museums in Albacete, Santander and Badajoz, Postal and Telegraph Museum in Madrid. In addition, in the cultural funds of the Provincial Councils of La Coru\u00f1a, Albacete and Badajoz; City Councils of Plasencia, M\u00f3stoles, Legan\u00e9s, Puertollano and La Coru\u00f1a; Savings Banks of Extremadura, Zamora, Salamanca, Municipal de Pamplona, Albacete, Toledo, Caja Postal de Ahorros, Caja Rural del Jal\u00f3n-Zaragoza, Valencia, Badajoz and Duero; MAPFRE Badajoz, Real Casa de la Moneda y Timbre, Asamblea de Extremadura and other public and private collections in Spain, France, Germany, USA, Mexico, Colombia, Colombia, Mexico and the United States. USA, Mexico, Colombia, England, Italy and Qatar.[\/vc_column_text]        <\/div>\n    <\/div>\n<\/div><\/div>[\/vc_column][\/vc_row][vc_row disable_element=&#8221;yes&#8221; row_content_width=&#8221;grid&#8221;][vc_column][vc_empty_space height=&#8221;50px&#8221;]<div class=\"edgtf-testimonials-holder clearfix edgtf-testimonials-has-navigation\">\n    <div class=\"edgtf-testimonials edgtf-owl-slider\" data-number-of-items=\"1\" data-enable-loop=\"yes\" data-enable-autoplay=\"yes\" data-slider-speed=\"5000\" data-slider-speed-animation=\"600\" data-enable-navigation=\"yes\" data-enable-pagination=\"no\">\n\n        Sorry, no posts matched your criteria.\n    <\/div>\n<\/div>[vc_empty_space height=&#8221;40px&#8221;][\/vc_column][\/vc_row][vc_row row_content_width=&#8221;grid&#8221; css=&#8221;.vc_custom_1555491015345{padding-left: 40px !important;}&#8221;][vc_column]<a itemprop=\"url\" href=\"https:\/\/jcarrero.com\/en\/interpretations-of-the-work\/\" target=\"_self\"  class=\"edgtf-btn edgtf-btn-medium edgtf-btn-outline btnresponsive\"  >\n            <span class=\"edgtf-btn-text\">View interpretations of the work<\/span>\n            <\/a>[vc_empty_space height=&#8221;80px&#8221;][\/vc_column][\/vc_row]<\/p>\n<\/div>","protected":false},"excerpt":{"rendered":"<p>[vc_row row_content_width=&#8221;grid&#8221; css=&#8221;.vc_custom_1559812573114{padding-top: 10% !important;padding-bottom: 6% !important;}&#8221;][vc_column][\/vc_column][\/vc_row][vc_row row_content_width=&#8221;grid&#8221;][vc_column][\/vc_column][\/vc_row][vc_row row_content_width=&#8221;grid&#8221; css=&#8221;.vc_custom_1555488564472{padding-top: 59px !important;padding-bottom: 60px !important;}&#8221;][vc_column][\/vc_column][\/vc_row][vc_row disable_element=&#8221;yes&#8221; row_content_width=&#8221;grid&#8221;][vc_column][vc_empty_space height=&#8221;50px&#8221;][vc_empty_space height=&#8221;40px&#8221;][\/vc_column][\/vc_row][vc_row row_content_width=&#8221;grid&#8221; css=&#8221;.vc_custom_1555491015345{padding-left: 40px !important;}&#8221;][vc_column][vc_empty_space height=&#8221;80px&#8221;][\/vc_column][\/vc_row]<\/p>\n","protected":false},"author":1,"featured_media":0,"parent":0,"menu_order":0,"comment_status":"closed","ping_status":"closed","template":"full-width.php","meta":{"footnotes":""},"class_list":["post-7268","page","type-page","status-publish","hentry"],"yoast_head":"<!-- This site is optimized with the Yoast SEO plugin v27.3 - https:\/\/yoast.com\/product\/yoast-seo-wordpress\/ -->\n<title>Biography - JCarrero - Obras de Arte y Escultura<\/title>\n<meta name=\"robots\" content=\"index, follow, max-snippet:-1, max-image-preview:large, max-video-preview:-1\" \/>\n<link rel=\"canonical\" href=\"https:\/\/jcarrero.com\/en\/biography\/\" \/>\n<meta property=\"og:locale\" content=\"en_US\" \/>\n<meta property=\"og:type\" content=\"article\" \/>\n<meta property=\"og:title\" content=\"Biography - JCarrero - Obras de Arte y Escultura\" \/>\n<meta property=\"og:description\" content=\"[vc_row row_content_width=&#8221;grid&#8221; css=&#8221;.vc_custom_1559812573114{padding-top: 10% !important;padding-bottom: 6% !important;}&#8221;][vc_column][\/vc_column][\/vc_row][vc_row row_content_width=&#8221;grid&#8221;][vc_column][\/vc_column][\/vc_row][vc_row row_content_width=&#8221;grid&#8221; css=&#8221;.vc_custom_1555488564472{padding-top: 59px !important;padding-bottom: 60px !important;}&#8221;][vc_column][\/vc_column][\/vc_row][vc_row disable_element=&#8221;yes&#8221; row_content_width=&#8221;grid&#8221;][vc_column][vc_empty_space height=&#8221;50px&#8221;][vc_empty_space height=&#8221;40px&#8221;][\/vc_column][\/vc_row][vc_row row_content_width=&#8221;grid&#8221; css=&#8221;.vc_custom_1555491015345{padding-left: 40px !important;}&#8221;][vc_column][vc_empty_space height=&#8221;80px&#8221;][\/vc_column][\/vc_row]\" \/>\n<meta property=\"og:url\" content=\"https:\/\/jcarrero.com\/en\/biography\/\" \/>\n<meta property=\"og:site_name\" content=\"JCarrero - Obras de Arte y Escultura\" \/>\n<meta property=\"article:modified_time\" content=\"2025-12-11T11:02:17+00:00\" \/>\n<meta name=\"twitter:card\" content=\"summary_large_image\" \/>\n<meta name=\"twitter:label1\" content=\"Est. reading time\" \/>\n\t<meta name=\"twitter:data1\" content=\"4 minutes\" \/>\n<script type=\"application\/ld+json\" class=\"yoast-schema-graph\">{\"@context\":\"https:\\\/\\\/schema.org\",\"@graph\":[{\"@type\":\"WebPage\",\"@id\":\"https:\\\/\\\/jcarrero.com\\\/en\\\/biography\\\/\",\"url\":\"https:\\\/\\\/jcarrero.com\\\/en\\\/biography\\\/\",\"name\":\"Biography - JCarrero - Obras de Arte y Escultura\",\"isPartOf\":{\"@id\":\"https:\\\/\\\/jcarrero.com\\\/#website\"},\"datePublished\":\"2022-08-29T10:57:42+00:00\",\"dateModified\":\"2025-12-11T11:02:17+00:00\",\"breadcrumb\":{\"@id\":\"https:\\\/\\\/jcarrero.com\\\/en\\\/biography\\\/#breadcrumb\"},\"inLanguage\":\"en-US\",\"potentialAction\":[{\"@type\":\"ReadAction\",\"target\":[\"https:\\\/\\\/jcarrero.com\\\/en\\\/biography\\\/\"]}]},{\"@type\":\"BreadcrumbList\",\"@id\":\"https:\\\/\\\/jcarrero.com\\\/en\\\/biography\\\/#breadcrumb\",\"itemListElement\":[{\"@type\":\"ListItem\",\"position\":1,\"name\":\"Portada\",\"item\":\"https:\\\/\\\/jcarrero.com\\\/en\\\/\"},{\"@type\":\"ListItem\",\"position\":2,\"name\":\"Biography\"}]},{\"@type\":\"WebSite\",\"@id\":\"https:\\\/\\\/jcarrero.com\\\/#website\",\"url\":\"https:\\\/\\\/jcarrero.com\\\/\",\"name\":\"JCarrero - Obras de Arte y Escultura\",\"description\":\"JCarrero es un pintor y escultor espa\u00f1ol natural de Granadilla.\",\"potentialAction\":[{\"@type\":\"SearchAction\",\"target\":{\"@type\":\"EntryPoint\",\"urlTemplate\":\"https:\\\/\\\/jcarrero.com\\\/?s={search_term_string}\"},\"query-input\":{\"@type\":\"PropertyValueSpecification\",\"valueRequired\":true,\"valueName\":\"search_term_string\"}}],\"inLanguage\":\"en-US\"}]}<\/script>\n<!-- \/ Yoast SEO plugin. -->","yoast_head_json":{"title":"Biography - JCarrero - Obras de Arte y Escultura","robots":{"index":"index","follow":"follow","max-snippet":"max-snippet:-1","max-image-preview":"max-image-preview:large","max-video-preview":"max-video-preview:-1"},"canonical":"https:\/\/jcarrero.com\/en\/biography\/","og_locale":"en_US","og_type":"article","og_title":"Biography - JCarrero - Obras de Arte y Escultura","og_description":"[vc_row row_content_width=&#8221;grid&#8221; css=&#8221;.vc_custom_1559812573114{padding-top: 10% !important;padding-bottom: 6% !important;}&#8221;][vc_column][\/vc_column][\/vc_row][vc_row row_content_width=&#8221;grid&#8221;][vc_column][\/vc_column][\/vc_row][vc_row row_content_width=&#8221;grid&#8221; css=&#8221;.vc_custom_1555488564472{padding-top: 59px !important;padding-bottom: 60px !important;}&#8221;][vc_column][\/vc_column][\/vc_row][vc_row disable_element=&#8221;yes&#8221; row_content_width=&#8221;grid&#8221;][vc_column][vc_empty_space height=&#8221;50px&#8221;][vc_empty_space height=&#8221;40px&#8221;][\/vc_column][\/vc_row][vc_row row_content_width=&#8221;grid&#8221; css=&#8221;.vc_custom_1555491015345{padding-left: 40px !important;}&#8221;][vc_column][vc_empty_space height=&#8221;80px&#8221;][\/vc_column][\/vc_row]","og_url":"https:\/\/jcarrero.com\/en\/biography\/","og_site_name":"JCarrero - Obras de Arte y Escultura","article_modified_time":"2025-12-11T11:02:17+00:00","twitter_card":"summary_large_image","twitter_misc":{"Est. reading time":"4 minutes"},"schema":{"@context":"https:\/\/schema.org","@graph":[{"@type":"WebPage","@id":"https:\/\/jcarrero.com\/en\/biography\/","url":"https:\/\/jcarrero.com\/en\/biography\/","name":"Biography - JCarrero - Obras de Arte y Escultura","isPartOf":{"@id":"https:\/\/jcarrero.com\/#website"},"datePublished":"2022-08-29T10:57:42+00:00","dateModified":"2025-12-11T11:02:17+00:00","breadcrumb":{"@id":"https:\/\/jcarrero.com\/en\/biography\/#breadcrumb"},"inLanguage":"en-US","potentialAction":[{"@type":"ReadAction","target":["https:\/\/jcarrero.com\/en\/biography\/"]}]},{"@type":"BreadcrumbList","@id":"https:\/\/jcarrero.com\/en\/biography\/#breadcrumb","itemListElement":[{"@type":"ListItem","position":1,"name":"Portada","item":"https:\/\/jcarrero.com\/en\/"},{"@type":"ListItem","position":2,"name":"Biography"}]},{"@type":"WebSite","@id":"https:\/\/jcarrero.com\/#website","url":"https:\/\/jcarrero.com\/","name":"JCarrero - Obras de Arte y Escultura","description":"JCarrero es un pintor y escultor espa\u00f1ol natural de Granadilla.","potentialAction":[{"@type":"SearchAction","target":{"@type":"EntryPoint","urlTemplate":"https:\/\/jcarrero.com\/?s={search_term_string}"},"query-input":{"@type":"PropertyValueSpecification","valueRequired":true,"valueName":"search_term_string"}}],"inLanguage":"en-US"}]}},"_links":{"self":[{"href":"https:\/\/jcarrero.com\/en\/wp-json\/wp\/v2\/pages\/7268","targetHints":{"allow":["GET"]}}],"collection":[{"href":"https:\/\/jcarrero.com\/en\/wp-json\/wp\/v2\/pages"}],"about":[{"href":"https:\/\/jcarrero.com\/en\/wp-json\/wp\/v2\/types\/page"}],"author":[{"embeddable":true,"href":"https:\/\/jcarrero.com\/en\/wp-json\/wp\/v2\/users\/1"}],"replies":[{"embeddable":true,"href":"https:\/\/jcarrero.com\/en\/wp-json\/wp\/v2\/comments?post=7268"}],"version-history":[{"count":2,"href":"https:\/\/jcarrero.com\/en\/wp-json\/wp\/v2\/pages\/7268\/revisions"}],"predecessor-version":[{"id":8366,"href":"https:\/\/jcarrero.com\/en\/wp-json\/wp\/v2\/pages\/7268\/revisions\/8366"}],"wp:attachment":[{"href":"https:\/\/jcarrero.com\/en\/wp-json\/wp\/v2\/media?parent=7268"}],"curies":[{"name":"wp","href":"https:\/\/api.w.org\/{rel}","templated":true}]}}